{"id":40,"date":"2025-03-26T18:47:09","date_gmt":"2025-03-26T18:47:09","guid":{"rendered":"https:\/\/connectionit.compraventanet.com.ar\/?page_id=40"},"modified":"2025-04-01T18:03:07","modified_gmt":"2025-04-01T18:03:07","slug":"servicios","status":"publish","type":"page","link":"https:\/\/connectionit.com.ar\/cit\/index.php\/servicios\/","title":{"rendered":"Servicios"},"content":{"rendered":"\n<h1 class=\"wp-block-heading\">Nuestros Servicios<\/h1>\n\n\n\n<h2 class=\"wp-block-heading\" id=\"servicios\">Servicios de Asesoramiento y Consultoria IT<\/h2>\n\n\n\n<div class=\"wp-block-columns is-layout-flex wp-container-core-columns-is-layout-9d6595d7 wp-block-columns-is-layout-flex\">\n<div class=\"wp-block-column is-layout-flow wp-block-column-is-layout-flow\">\n<figure class=\"wp-block-image size-full\"><img loading=\"lazy\" decoding=\"async\" width=\"1024\" height=\"622\" src=\"https:\/\/connectionit.com.ar\/cit\/wp-content\/uploads\/servicio-consultoria-it-1024x622-2.png\" alt=\"\" class=\"wp-image-69\" srcset=\"https:\/\/connectionit.com.ar\/cit\/wp-content\/uploads\/servicio-consultoria-it-1024x622-2.png 1024w, https:\/\/connectionit.com.ar\/cit\/wp-content\/uploads\/servicio-consultoria-it-1024x622-2-300x182.png 300w, https:\/\/connectionit.com.ar\/cit\/wp-content\/uploads\/servicio-consultoria-it-1024x622-2-768x467.png 768w\" sizes=\"auto, (max-width: 1024px) 100vw, 1024px\" \/><\/figure>\n<\/div>\n\n\n\n<div class=\"wp-block-column is-layout-flow wp-block-column-is-layout-flow\">\n<p>En <strong>Connection IT<\/strong>, ayudamos a su empresa a tomar decisiones estrat\u00e9gicas en tecnolog\u00eda, optimizando recursos y maximizando resultados. Brindamos asesoramiento especializado para mejorar su infraestructura IT, fortalecer la seguridad, agilizar procesos y adoptar soluciones innovadoras que impulsen su crecimiento.<\/p>\n\n\n\n<p>Nuestro enfoque personalizado nos permite entender las necesidades de su negocio y ofrecerle las mejores estrategias tecnol\u00f3gicas para mejorar la eficiencia y competitividad en un entorno digital en constante evoluci\u00f3n.<\/p>\n\n\n\n<p><strong>Transforme su empresa con soluciones IT a medida.<\/strong><\/p>\n<\/div>\n<\/div>\n\n\n\n<div style=\"height:10px\" aria-hidden=\"true\" class=\"wp-block-spacer\"><\/div>\n\n\n\n<hr class=\"wp-block-separator has-text-color has-alpha-channel-opacity has-background is-style-wide\" style=\"background-color:#c3c3c3;color:#c3c3c3\"\/>\n\n\n\n<h2 class=\"wp-block-heading\" id=\"sitio\">Sitio Web para su Empresa o Negocio<\/h2>\n\n\n\n<div class=\"wp-block-columns is-layout-flex wp-container-core-columns-is-layout-9d6595d7 wp-block-columns-is-layout-flex\">\n<div class=\"wp-block-column is-layout-flow wp-block-column-is-layout-flow\">\n<p>Tener presencia online es clave para el \u00e9xito de cualquier empresa. En <strong>Connection IT<\/strong>, creamos sitios web profesionales, funcionales y optimizados para destacar su negocio en el mundo digital.<\/p>\n\n\n\n<p>Desarrollamos p\u00e1ginas web a medida, adaptadas a sus necesidades, con un dise\u00f1o moderno, responsive y optimizado para buscadores (SEO). Potencie su marca, atraiga m\u00e1s clientes y ofrezca una experiencia digital atractiva y eficiente.<\/p>\n\n\n\n<p><strong>Haga crecer su negocio con una presencia online s\u00f3lida y efectiva.<\/strong><\/p>\n<\/div>\n\n\n\n<div class=\"wp-block-column is-layout-flow wp-block-column-is-layout-flow\">\n<figure class=\"wp-block-image size-full\"><img loading=\"lazy\" decoding=\"async\" width=\"643\" height=\"342\" src=\"https:\/\/connectionit.com.ar\/cit\/wp-content\/uploads\/img-responsive-de-1.jpg\" alt=\"\" class=\"wp-image-66\" srcset=\"https:\/\/connectionit.com.ar\/cit\/wp-content\/uploads\/img-responsive-de-1.jpg 643w, https:\/\/connectionit.com.ar\/cit\/wp-content\/uploads\/img-responsive-de-1-300x160.jpg 300w\" sizes=\"auto, (max-width: 643px) 100vw, 643px\" \/><\/figure>\n<\/div>\n<\/div>\n\n\n\n<div style=\"height:10px\" aria-hidden=\"true\" class=\"wp-block-spacer\"><\/div>\n\n\n\n<hr class=\"wp-block-separator has-text-color has-alpha-channel-opacity has-background is-style-wide\" style=\"background-color:#c3c3c3;color:#c3c3c3\"\/>\n\n\n\n<h2 class=\"wp-block-heading\" id=\"desa\">Desarrollo de Software a Medida<\/h2>\n\n\n\n<div class=\"wp-block-columns is-layout-flex wp-container-core-columns-is-layout-9d6595d7 wp-block-columns-is-layout-flex\">\n<div class=\"wp-block-column is-layout-flow wp-block-column-is-layout-flow\">\n<figure class=\"wp-block-image size-full\"><img loading=\"lazy\" decoding=\"async\" width=\"1024\" height=\"577\" src=\"https:\/\/connectionit.com.ar\/cit\/wp-content\/uploads\/desarrollo-soft-1024x577-1.png\" alt=\"\" class=\"wp-image-65\" srcset=\"https:\/\/connectionit.com.ar\/cit\/wp-content\/uploads\/desarrollo-soft-1024x577-1.png 1024w, https:\/\/connectionit.com.ar\/cit\/wp-content\/uploads\/desarrollo-soft-1024x577-1-300x169.png 300w, https:\/\/connectionit.com.ar\/cit\/wp-content\/uploads\/desarrollo-soft-1024x577-1-768x433.png 768w\" sizes=\"auto, (max-width: 1024px) 100vw, 1024px\" \/><\/figure>\n<\/div>\n\n\n\n<div class=\"wp-block-column is-layout-flow wp-block-column-is-layout-flow\">\n<p>Cada empresa es \u00fanica, y sus necesidades tecnol\u00f3gicas tambi\u00e9n lo son. En <strong>Connection IT<\/strong>, desarrollamos software a medida para optimizar procesos, mejorar la eficiencia y brindar soluciones escalables que se adapten perfectamente a su negocio.<\/p>\n\n\n\n<p>Creamos aplicaciones personalizadas, seguras y de alto rendimiento,. Ya sea para automatizar tareas, gestionar datos o mejorar la experiencia del usuario, nuestro equipo convierte sus ideas en soluciones tecnol\u00f3gicas innovadoras.<\/p>\n<\/div>\n<\/div>\n","protected":false},"excerpt":{"rendered":"<p>Nuestros Servicios Servicios de Asesoramiento y Consultoria IT En Connection IT, ayudamos a su empresa a tomar decisiones estrat\u00e9gicas en tecnolog\u00eda, optimizando recursos y maximizando resultados. Brindamos asesoramiento especializado para mejorar su infraestructura IT, fortalecer la seguridad, agilizar procesos y<\/p>\n","protected":false},"author":1,"featured_media":0,"parent":0,"menu_order":0,"comment_status":"closed","ping_status":"closed","template":"","meta":{"footnotes":""},"class_list":["post-40","page","type-page","status-publish","hentry"],"_links":{"self":[{"href":"https:\/\/connectionit.com.ar\/cit\/index.php\/wp-json\/wp\/v2\/pages\/40","targetHints":{"allow":["GET"]}}],"collection":[{"href":"https:\/\/connectionit.com.ar\/cit\/index.php\/wp-json\/wp\/v2\/pages"}],"about":[{"href":"https:\/\/connectionit.com.ar\/cit\/index.php\/wp-json\/wp\/v2\/types\/page"}],"author":[{"embeddable":true,"href":"https:\/\/connectionit.com.ar\/cit\/index.php\/wp-json\/wp\/v2\/users\/1"}],"replies":[{"embeddable":true,"href":"https:\/\/connectionit.com.ar\/cit\/index.php\/wp-json\/wp\/v2\/comments?post=40"}],"version-history":[{"count":12,"href":"https:\/\/connectionit.com.ar\/cit\/index.php\/wp-json\/wp\/v2\/pages\/40\/revisions"}],"predecessor-version":[{"id":146,"href":"https:\/\/connectionit.com.ar\/cit\/index.php\/wp-json\/wp\/v2\/pages\/40\/revisions\/146"}],"wp:attachment":[{"href":"https:\/\/connectionit.com.ar\/cit\/index.php\/wp-json\/wp\/v2\/media?parent=40"}],"curies":[{"name":"wp","href":"https:\/\/api.w.org\/{rel}","templated":true}]}}