{"id":37,"date":"2025-03-26T18:46:37","date_gmt":"2025-03-26T18:46:37","guid":{"rendered":"https:\/\/connectionit.compraventanet.com.ar\/?page_id=37"},"modified":"2025-03-28T17:30:45","modified_gmt":"2025-03-28T17:30:45","slug":"nosotros","status":"publish","type":"page","link":"https:\/\/connectionit.com.ar\/cit\/index.php\/nosotros\/","title":{"rendered":"Nosotros"},"content":{"rendered":"\n<h2 class=\"wp-block-heading\">Sobre Connection IT<\/h2>\n\n\n\n<div class=\"wp-block-columns is-layout-flex wp-container-core-columns-is-layout-9d6595d7 wp-block-columns-is-layout-flex\">\n<div class=\"wp-block-column is-layout-flow wp-block-column-is-layout-flow\">\n<figure class=\"wp-block-image size-full\"><img loading=\"lazy\" decoding=\"async\" width=\"794\" height=\"400\" src=\"https:\/\/connectionit.com.ar\/cit\/wp-content\/uploads\/sobre-nosotros.jpg\" alt=\"\" class=\"wp-image-63\" srcset=\"https:\/\/connectionit.com.ar\/cit\/wp-content\/uploads\/sobre-nosotros.jpg 794w, https:\/\/connectionit.com.ar\/cit\/wp-content\/uploads\/sobre-nosotros-300x151.jpg 300w, https:\/\/connectionit.com.ar\/cit\/wp-content\/uploads\/sobre-nosotros-768x387.jpg 768w\" sizes=\"auto, (max-width: 794px) 100vw, 794px\" \/><\/figure>\n<\/div>\n\n\n\n<div class=\"wp-block-column is-layout-flow wp-block-column-is-layout-flow\">\n<p><strong>En Connection IT transformamos tecnolog\u00eda en soluciones estrat\u00e9gicas.<\/strong><\/p>\n\n\n\n<p>Nos especializamos en asesoramiento, an\u00e1lisis, desarrollo e implementaci\u00f3n de soluciones inform\u00e1ticas adaptadas a las necesidades de cada negocio. Entendemos que cada empresa es \u00fanica, por eso ofrecemos servicios a medida que optimizan recursos, mejoran la eficiencia y potencian el crecimiento.<\/p>\n\n\n\n<p>Nuestro compromiso es conectar su empresa con la innovaci\u00f3n tecnol\u00f3gica, brindando herramientas confiables y escalables que impulsen su \u00e9xito en un mundo digital en constante evoluci\u00f3n.<\/p>\n<\/div>\n<\/div>\n","protected":false},"excerpt":{"rendered":"<p>Sobre Connection IT En Connection IT transformamos tecnolog\u00eda en soluciones estrat\u00e9gicas. Nos especializamos en asesoramiento, an\u00e1lisis, desarrollo e implementaci\u00f3n de soluciones inform\u00e1ticas adaptadas a las necesidades de cada negocio. Entendemos que cada empresa es \u00fanica, por eso ofrecemos servicios a<\/p>\n","protected":false},"author":1,"featured_media":0,"parent":0,"menu_order":0,"comment_status":"closed","ping_status":"closed","template":"","meta":{"footnotes":""},"class_list":["post-37","page","type-page","status-publish","hentry"],"_links":{"self":[{"href":"https:\/\/connectionit.com.ar\/cit\/index.php\/wp-json\/wp\/v2\/pages\/37","targetHints":{"allow":["GET"]}}],"collection":[{"href":"https:\/\/connectionit.com.ar\/cit\/index.php\/wp-json\/wp\/v2\/pages"}],"about":[{"href":"https:\/\/connectionit.com.ar\/cit\/index.php\/wp-json\/wp\/v2\/types\/page"}],"author":[{"embeddable":true,"href":"https:\/\/connectionit.com.ar\/cit\/index.php\/wp-json\/wp\/v2\/users\/1"}],"replies":[{"embeddable":true,"href":"https:\/\/connectionit.com.ar\/cit\/index.php\/wp-json\/wp\/v2\/comments?post=37"}],"version-history":[{"count":3,"href":"https:\/\/connectionit.com.ar\/cit\/index.php\/wp-json\/wp\/v2\/pages\/37\/revisions"}],"predecessor-version":[{"id":64,"href":"https:\/\/connectionit.com.ar\/cit\/index.php\/wp-json\/wp\/v2\/pages\/37\/revisions\/64"}],"wp:attachment":[{"href":"https:\/\/connectionit.com.ar\/cit\/index.php\/wp-json\/wp\/v2\/media?parent=37"}],"curies":[{"name":"wp","href":"https:\/\/api.w.org\/{rel}","templated":true}]}}